{"id":41,"date":"2016-04-20T22:24:34","date_gmt":"2016-04-20T20:24:34","guid":{"rendered":"http:\/\/vorschau-tennis-greven.de.w01482c8.kasserver.com\/?page_id=41"},"modified":"2025-06-04T15:01:23","modified_gmt":"2025-06-04T13:01:23","slug":"sponsoren","status":"publish","type":"page","link":"http:\/\/tc-rotweiss.com\/?page_id=41","title":{"rendered":"Sponsoren"},"content":{"rendered":"<p>Der Tennisclub Rot-Wei\u00df Greven 1903 e.V. und seine Mitglieder sind stolz auf seine zahlreichen engagierten und treuen F\u00f6rderer!<br \/>\nGleichzeitig m\u00f6chten wir uns bei allen Gesch\u00e4ftsleuten aus Greven und Umgebung, vielen Firmen, Banken, Privatmenschen und Freunden hier ganz herzlich f\u00fcr ihre Unterst\u00fctzung bedanken!<\/p>\n<p>&nbsp;<\/p>\n<p>&nbsp;<\/p>\n<p><strong>arau-immobilien gmbh<br \/>\n<\/strong><a href=\"http:\/\/www.arau-immobilien.de\/\">www.arau-immobilien.de<\/a><strong><br \/>\n<\/strong><\/p>\n<p><strong>Ahlert Mode<br \/>\n<\/strong><a href=\"http:\/\/www.modehaus-ahlert.de\">www.modehaus-ahlert.de<\/a><\/p>\n<p><strong>Anwaltskanzlei Sprakel, Meyerhoff und Partner<\/strong><br \/>\n<a href=\"http:\/\/www.rechtsanwaelte-sprakel.de\">www.rechtsanwaelte-sprakel.de<\/a><\/p>\n<p><strong>B. Ahlert GmbH &amp; Co KG<\/strong><br \/>\n<strong> Verwertung und Entsorgung<\/strong><br \/>\n<a href=\"http:\/\/www.ahlert24.de\">www.ahlert24.de<\/a><\/p>\n<p><strong>Chirurgie am Germania Campus<\/strong><br \/>\n<a href=\"http:\/\/www.chirurgie-germania-campus.de\">www.chirurgie-germania-campus.de <\/a><\/p>\n<p><strong>Engel &amp; V\u00f6lkers<\/strong><br \/>\n<a href=\"http:\/\/www.engelvoelkers.com\/muenster\">www.engelvoelkers.com\/muenster<\/a><\/p>\n<p><strong>Feinkost Gottschlich \u00a0 \u00a0 \u00a0 \u00a0 \u00a0 \u00a0 \u00a0 \u00a0 \u00a0 \u00a0 \u00a0 \u00a0 \u00a0 \u00a0 \u00a0 \u00a0 \u00a0 \u00a0 \u00a0 \u00a0 \u00a0 \u00a0 \u00a0 \u00a0 \u00a0 \u00a0 \u00a0 \u00a0 \u00a0 \u00a0 \u00a0 \u00a0 \u00a0 \u00a0 \u00a0 \u00a0 \u00a0 \u00a0 \u00a0 \u00a0 \u00a0 \u00a0 \u00a0 \u00a0 \u00a0 \u00a0 \u00a0 \u00a0 \u00a0 <\/strong><a href=\"https:\/\/www.feinkost-gottschlich.de\/ueber-uns\" target=\"_blank\">https:\/\/www.feinkost-gottschlich.de\/ueber-uns<\/a> \u00a0 \u00a0 \u00a0<strong> \u00a0 \u00a0 \u00a0 <\/strong><\/p>\n<p><strong>Garten- und Landschaftsbau Marian Tietz<br \/>\n<\/strong><a href=\"http:\/\/www.galabau.de\" target=\"_blank\">http:\/\/www.galabau.de<\/a><\/p>\n<p><strong>Gemeinschaftspraxis Dr. B\u00fcter-Mumpro<\/strong><br \/>\n<a href=\"http:\/\/www.frauenarzt-greven.de\">www.frauenarzt-greven.de\u00a0<\/a><\/p>\n<p><strong>Germania Apotheke<\/strong><br \/>\n<a href=\"http:\/\/www.germania-apotheke-greven.de\">www.germania-apotheke-greven.de <\/a><\/p>\n<p><strong>Martin<\/strong> <strong>H\u00f6ning GMBH &amp; Co.KG\u00a0\u00a0 \u00a0\u00a0\u00a0\u00a0\u00a0\u00a0\u00a0\u00a0\u00a0\u00a0\u00a0\u00a0\u00a0\u00a0\u00a0\u00a0\u00a0\u00a0\u00a0\u00a0\u00a0\u00a0\u00a0\u00a0\u00a0\u00a0\u00a0\u00a0\u00a0\u00a0\u00a0\u00a0\u00a0\u00a0\u00a0\u00a0\u00a0\u00a0\u00a0\u00a0\u00a0\u00a0\u00a0\u00a0\u00a0\u00a0\u00a0\u00a0\u00a0\u00a0 <\/strong><a href=\"http:\/\/www.hoening-bauchemie.de\" target=\"_blank\">www.hoening-bauchemie.de <\/a><\/p>\n<p><strong>Institut f\u00fcr Kosmetik und \u00c4sthetik Maurer &amp; Posingies<\/strong><br \/>\n<a href=\"http:\/\/www.kosmetikinstitut-emsdetten.de\">www.kosmetikinstitut-emsdetten.de<\/a><\/p>\n<p><strong>JS-Elektotechnik<\/strong><br \/>\n<a href=\"http:\/\/www.jselektrotechnik.de\">www.jselektrotechnik.de<\/a><\/p>\n<p><strong>Kreissparkasse Steinfurt<br \/>\n<\/strong><a href=\"http:\/\/www.ksk-steinfurt.de\">www.ksk-steinfurt.de<\/a><\/p>\n<p>&nbsp;<\/p>\n<p>&nbsp;<\/p>\n<p>Der TC Rot-Wei\u00df Greven freut sich \u00fcber diese Unterst\u00fctzung und versichert, die F\u00f6rdergelder sinnvoll einzusetzen.<br \/>\nDer Tennis-Traditionsclub freut sich auch \u00fcber jeden neuen Sponsor, der den attraktiven Ballsport an der Kroner Heide weiter anschieben m\u00f6chte.<\/p>\n<p>DANKE!<\/p>\n<p>&nbsp;<\/p>\n<p><strong>LVM Schulte-Gerdemann<br \/>\n<\/strong><a href=\"http:\/\/www.gerdemann.lvm.de\">www.gerdemann.lvm.de<\/a><\/p>\n<p><strong>PROACTIVE EMS-SPORTS<\/strong>\u00a0\u00a0\u00a0\u00a0\u00a0\u00a0\u00a0\u00a0\u00a0\u00a0\u00a0\u00a0\u00a0\u00a0\u00a0\u00a0\u00a0\u00a0\u00a0\u00a0\u00a0\u00a0\u00a0\u00a0\u00a0\u00a0\u00a0\u00a0\u00a0\u00a0\u00a0\u00a0\u00a0\u00a0\u00a0\u00a0\u00a0\u00a0\u00a0\u00a0\u00a0\u00a0\u00a0\u00a0\u00a0\u00a0\u00a0\u00a0\u00a0\u00a0\u00a0\u00a0\u00a0\u00a0\u00a0\u00a0\u00a0\u00a0\u00a0\u00a0\u00a0\u00a0\u00a0\u00a0\u00a0\u00a0\u00a0\u00a0\u00a0 \u00a0 \u00a0\u00a0\u00a0\u00a0<a href=\"http:\/\/www.proactive-ems.de\" target=\"_blank\"> www.proactive-ems.de<\/a><\/p>\n<p><strong>Provinzial Weber &amp; Drees<br \/>\n<\/strong><a href=\"http:\/\/www.provinzial-online.de\/weber-drees\">www.provinzial-online.de\/weber-drees<\/a><\/p>\n<p><strong>Rettig Elektrotechnik<br \/>\n<\/strong><a href=\"http:\/\/www.rettig-elektrotechnik.de\">www.rettig-elektrotechnik.de<\/a><\/p>\n<p><strong>Salon Andr\u00e9 Strotmann<br \/>\n<\/strong><a href=\"http:\/\/www.salon-andre.de\">www.salon-andre.de<\/a><\/p>\n<p><strong>Schweifel\u00a0 Hausger\u00e4te<br \/>\n<\/strong><a href=\"http:\/\/www.schweifel.de\">www.schweifel.de<\/a><\/p>\n<p><strong>Sport Olymp<\/strong><a href=\"http:\/\/www.sportolymp-greven.de\"><strong><br \/>\n<\/strong><\/a><a href=\"http:\/\/www.sportolymp-greven.de\" target=\"_blank\">http:\/\/www.sportolymp-greven.de<\/a><\/p>\n<p><strong>Stadtwerke Greven<br \/>\n<\/strong><a href=\"http:\/\/www.stadtwerke-greven.de\">www.stadtwerke-greven.de<\/a><\/p>\n<p><strong>TennisAkademie best of 5<br \/>\n<\/strong><a href=\"http:\/\/www.tennisakademie.org\">www.tennisakademie.org<\/a><\/p>\n<p><strong>Tennispoint<\/strong><br \/>\n<a href=\"http:\/\/www.tennis-point.de\">www.tennis-point.de<\/a><\/p>\n<p><strong>Venschott Fenstersysteme GmbH\u00a0\u00a0\u00a0\u00a0 \u00a0 \u00a0 \u00a0 \u00a0 \u00a0 \u00a0 \u00a0 \u00a0 \u00a0 \u00a0 \u00a0 \u00a0 \u00a0 \u00a0 \u00a0 \u00a0 \u00a0 \u00a0 \u00a0 \u00a0 \u00a0 \u00a0 \u00a0 \u00a0 \u00a0 \u00a0 \u00a0 \u00a0\u00a0 <\/strong><a href=\"http:\/\/www.venschott.com\" target=\"_blank\">http:\/\/www.venschott.com<\/a>\u00a0\u00a0\u00a0\u00a0<strong><br \/>\n<\/strong><\/p>\n<p><strong>Volksbank im M\u00fcnsterland eG \u00a0 \u00a0 \u00a0 \u00a0 \u00a0 \u00a0 \u00a0 \u00a0 \u00a0 \u00a0 \u00a0 \u00a0 \u00a0 \u00a0 \u00a0 \u00a0 \u00a0 \u00a0 \u00a0 \u00a0 \u00a0 \u00a0 \u00a0 \u00a0 \u00a0\u00a0 \u00a0\u00a0<\/strong>\u00a0\u00a0\u00a0\u00a0\u00a0\u00a0\u00a0\u00a0\u00a0 <a href=\"http:\/\/www.vbml.de\" target=\"_blank\">http:\/\/www.vbml.de<\/a><strong><br \/>\n<\/strong><\/p>\n<p><strong>WIESCHH\u00d6RSTER ~ ANZIEHENDE MODEBERATUNG<br \/>\n<\/strong><a href=\"http:\/\/www.wieschhoerster.de\">www.wieschhoerster.de<\/a><\/p>\n<p><strong>Zahntechnik Bu\u00dfmeier<br \/>\n<\/strong><a href=\"http:\/\/www.schoene-zaehne.de\">www.schoene-zaehne.de<\/a><\/p>\n<p>&nbsp;<\/p>\n<p>&nbsp;<\/p>\n<p>&nbsp;<\/p>\n<p>&nbsp;<\/p>\n","protected":false},"excerpt":{"rendered":"<p>Der Tennisclub Rot-Wei\u00df Greven 1903 e.V. und seine Mitglieder sind stolz auf seine zahlreichen engagierten und treuen F\u00f6rderer! Gleichzeitig m\u00f6chten wir uns bei allen Gesch\u00e4ftsleuten aus Greven und Umgebung, vielen Firmen, Banken, Privatmenschen und Freunden hier ganz herzlich f\u00fcr ihre Unterst\u00fctzung bedanken! &nbsp; &nbsp; arau-immobilien gmbh www.arau-immobilien.de Ahlert Mode www.modehaus-ahlert.de Anwaltskanzlei Sprakel, Meyerhoff und Partner [&hellip;]<\/p>\n","protected":false},"author":1,"featured_media":0,"parent":0,"menu_order":28,"comment_status":"closed","ping_status":"closed","template":"templates\/one-column.php","meta":[],"_links":{"self":[{"href":"http:\/\/tc-rotweiss.com\/index.php?rest_route=\/wp\/v2\/pages\/41"}],"collection":[{"href":"http:\/\/tc-rotweiss.com\/index.php?rest_route=\/wp\/v2\/pages"}],"about":[{"href":"http:\/\/tc-rotweiss.com\/index.php?rest_route=\/wp\/v2\/types\/page"}],"author":[{"embeddable":true,"href":"http:\/\/tc-rotweiss.com\/index.php?rest_route=\/wp\/v2\/users\/1"}],"replies":[{"embeddable":true,"href":"http:\/\/tc-rotweiss.com\/index.php?rest_route=%2Fwp%2Fv2%2Fcomments&post=41"}],"version-history":[{"count":83,"href":"http:\/\/tc-rotweiss.com\/index.php?rest_route=\/wp\/v2\/pages\/41\/revisions"}],"predecessor-version":[{"id":3293,"href":"http:\/\/tc-rotweiss.com\/index.php?rest_route=\/wp\/v2\/pages\/41\/revisions\/3293"}],"wp:attachment":[{"href":"http:\/\/tc-rotweiss.com\/index.php?rest_route=%2Fwp%2Fv2%2Fmedia&parent=41"}],"curies":[{"name":"wp","href":"https:\/\/api.w.org\/{rel}","templated":true}]}}